{"id":1789,"date":"2022-07-10T10:20:40","date_gmt":"2022-07-10T10:20:40","guid":{"rendered":"https:\/\/www.ascaureliodeleon.es\/?page_id=1789"},"modified":"2025-07-23T10:11:18","modified_gmt":"2025-07-23T10:11:18","slug":"proyectos","status":"publish","type":"page","link":"https:\/\/www.ascaureliodeleon.es\/index.php\/actividades\/proyectos\/","title":{"rendered":"Proyectos"},"content":{"rendered":"\t\t<div data-elementor-type=\"wp-page\" data-elementor-id=\"1789\" class=\"elementor elementor-1789\" data-elementor-settings=\"{&quot;ha_cmc_init_switcher&quot;:&quot;no&quot;}\" data-elementor-post-type=\"page\">\n\t\t\t\t\t\t<section class=\"elementor-section elementor-top-section elementor-element elementor-element-155c07a9 elementor-section-height-min-height elementor-section-items-stretch elementor-section-boxed elementor-section-height-default\" data-id=\"155c07a9\" data-element_type=\"section\" data-e-type=\"section\" data-settings=\"{&quot;background_background&quot;:&quot;classic&quot;}\">\n\t\t\t\t\t\t<div class=\"elementor-container elementor-column-gap-default\">\n\t\t\t\t\t<div class=\"elementor-column elementor-col-50 elementor-top-column elementor-element elementor-element-36f9bc59\" data-id=\"36f9bc59\" data-element_type=\"column\" data-e-type=\"column\">\n\t\t\t<div class=\"elementor-widget-wrap elementor-element-populated\">\n\t\t\t\t\t\t<div class=\"elementor-element elementor-element-72943a88 elementor-widget elementor-widget-heading\" data-id=\"72943a88\" data-element_type=\"widget\" data-e-type=\"widget\" data-widget_type=\"heading.default\">\n\t\t\t\t<div class=\"elementor-widget-container\">\n\t\t\t\t\t<h3 class=\"elementor-heading-title elementor-size-default\">Proyectos<\/h3>\t\t\t\t<\/div>\n\t\t\t\t<\/div>\n\t\t\t\t\t<\/div>\n\t\t<\/div>\n\t\t\t\t<div class=\"elementor-column elementor-col-50 elementor-top-column elementor-element elementor-element-6964dbb5\" data-id=\"6964dbb5\" data-element_type=\"column\" data-e-type=\"column\">\n\t\t\t<div class=\"elementor-widget-wrap\">\n\t\t\t\t\t\t\t<\/div>\n\t\t<\/div>\n\t\t\t\t\t<\/div>\n\t\t<\/section>\n\t\t\t\t<section class=\"elementor-section elementor-top-section elementor-element elementor-element-e7b6161 elementor-section-boxed elementor-section-height-default elementor-section-height-default\" data-id=\"e7b6161\" data-element_type=\"section\" data-e-type=\"section\" data-settings=\"{&quot;_ha_eqh_enable&quot;:false}\">\n\t\t\t\t\t\t<div class=\"elementor-container elementor-column-gap-default\">\n\t\t\t\t\t<div class=\"elementor-column elementor-col-100 elementor-top-column elementor-element elementor-element-4ceef01\" data-id=\"4ceef01\" data-element_type=\"column\" data-e-type=\"column\">\n\t\t\t<div class=\"elementor-widget-wrap elementor-element-populated\">\n\t\t\t\t\t\t<div class=\"elementor-element elementor-element-5ad3b5e ha-card--left ha-card--tablet-top ha-card--mobile-top elementor-widget elementor-widget-ha-card happy-addon ha-card\" data-id=\"5ad3b5e\" data-element_type=\"widget\" data-e-type=\"widget\" data-widget_type=\"ha-card.default\">\n\t\t\t\t<div class=\"elementor-widget-container\">\n\t\t\t\t\t\n\t\t\t\t\t<figure class=\"ha-card-figure\">\n\t\t\t\t<img fetchpriority=\"high\" decoding=\"async\" width=\"352\" height=\"300\" src=\"https:\/\/www.ascaureliodeleon.es\/wp-content\/uploads\/2025\/07\/logos_ayuto_asc2.jpg\" class=\"attachment-full size-full wp-image-2286\" alt=\"\" srcset=\"https:\/\/www.ascaureliodeleon.es\/wp-content\/uploads\/2025\/07\/logos_ayuto_asc2.jpg 352w, https:\/\/www.ascaureliodeleon.es\/wp-content\/uploads\/2025\/07\/logos_ayuto_asc2-300x256.jpg 300w\" sizes=\"(max-width: 352px) 100vw, 352px\" \/>\t\t\t\t\t\t\t<\/figure>\n\t\t\n\t\t<div class=\"ha-card-body\">\n\n\t\t\t<h2 class=\"ha-card-title\">PRIMERA ACOGIDA, INFORMACI\u00d3N, ASESORAMIENTO Y MEDIACI\u00d3N<\/h2>\n\t\t\t\t\t\t\t<div class=\"ha-card-text\">\n\t\t\t\t\t<p><img src='https:\/\/www.ascaureliodeleon.es\/wp-content\/uploads\/2025\/07\/logo_ayto_asc_lg.jpg'>\n\n<b>Con la colaboraci\u00f3n \ndel Excmo. Ayuntamiento de Talavera de la Reina<\/b><br><br>\n\nFinanciado por el Excmo. Ayuntamiento de Talavera de la Reina, desde el 01\/01\/2025 hasta el 31\/12\/2025, el proyecto \u201cPRIMERA ACOGIDA, INFORMACI\u00d3N, ASESORAMIENTO Y MEDIACI\u00d3N\" tiene como objetivo proporcionar una primera acogida, informaci\u00f3n y asesoramiento sobre los recursos y servicios disponibles en Talavera de la Reina para mejorar la integraci\u00f3n social y laboral de personas vulnerables o en riesgo de exclusi\u00f3n social. \nIncluye acciones destinadas a garantizar una acogida inmediata que facilite informaci\u00f3n sobre la ubicaci\u00f3n, funcionamiento, tr\u00e1mites y requisitos necesarios para acceder a diferentes recursos sociales, as\u00ed como apoyo en la gesti\u00f3n de citas previas tanto por v\u00eda telef\u00f3nica como online.\nEl proyecto tambi\u00e9n ofrece mediaci\u00f3n y acompa\u00f1amiento, cuando sea necesario, con los Servicios Sociales de atenci\u00f3n primaria, entidades p\u00fablicas y privadas locales, fomentando la inclusi\u00f3n social y la mejora de la situaci\u00f3n de vulnerabilidad. En todo el proceso se respetan el origen \u00e9tnico, ideolog\u00eda, g\u00e9nero, orientaci\u00f3n sexual y expresi\u00f3n de g\u00e9nero de los\/las usuarios\/as.\nAsimismo, se realiza un seguimiento de los casos que lo requieran, seg\u00fan el diagn\u00f3stico social, manteniendo contacto continuo con los recursos sociales y laborales locales utilizados por las personas atendidas.\nEl perfil de los\/as beneficiarios\/as directos son todas las personas residentes en la ciudad y localidades cercanas que se encuentran en situaci\u00f3n de vulnerabilidad o riesgo de padecer exclusi\u00f3n social. De forma prioritaria ser\u00e1n mujeres y menores, que acudan por iniciativa propia a la entidad o bien sean derivados por los Servicios Sociales de base y por otras entidades o asociaciones locales y comarcales.\nPara llevar a cabo esta labor, contamos con una trabajadora social que coordina y ejecuta las intervenciones.\n<\/p>\n\t\t\t\t<\/div>\n\t\t\t\n\t\t\t\t\t<\/div>\n\t\t\t\t\t\t<\/div>\n\t\t\t\t<\/div>\n\t\t\t\t\t<\/div>\n\t\t<\/div>\n\t\t\t\t\t<\/div>\n\t\t<\/section>\n\t\t\t\t<section class=\"elementor-section elementor-top-section elementor-element elementor-element-52d539e elementor-section-boxed elementor-section-height-default elementor-section-height-default\" data-id=\"52d539e\" data-element_type=\"section\" data-e-type=\"section\" data-settings=\"{&quot;_ha_eqh_enable&quot;:false}\">\n\t\t\t\t\t\t<div class=\"elementor-container elementor-column-gap-default\">\n\t\t\t\t\t<div class=\"elementor-column elementor-col-100 elementor-top-column elementor-element elementor-element-39ef3e7\" data-id=\"39ef3e7\" data-element_type=\"column\" data-e-type=\"column\">\n\t\t\t<div class=\"elementor-widget-wrap elementor-element-populated\">\n\t\t\t\t\t\t<div class=\"elementor-element elementor-element-4f3c064 ha-card--left ha-card--tablet-top ha-card--mobile-top elementor-widget elementor-widget-ha-card happy-addon ha-card\" data-id=\"4f3c064\" data-element_type=\"widget\" data-e-type=\"widget\" data-widget_type=\"ha-card.default\">\n\t\t\t\t<div class=\"elementor-widget-container\">\n\t\t\t\t\t\n\t\t\t\t\t<figure class=\"ha-card-figure\">\n\t\t\t\t<img decoding=\"async\" width=\"628\" height=\"628\" src=\"https:\/\/www.ascaureliodeleon.es\/wp-content\/uploads\/2025\/06\/promuj.png\" class=\"attachment-full size-full wp-image-2273\" alt=\"\" srcset=\"https:\/\/www.ascaureliodeleon.es\/wp-content\/uploads\/2025\/06\/promuj.png 628w, https:\/\/www.ascaureliodeleon.es\/wp-content\/uploads\/2025\/06\/promuj-300x300.png 300w, https:\/\/www.ascaureliodeleon.es\/wp-content\/uploads\/2025\/06\/promuj-150x150.png 150w\" sizes=\"(max-width: 628px) 100vw, 628px\" \/>\t\t\t\t\t\t\t<\/figure>\n\t\t\n\t\t<div class=\"ha-card-body\">\n\n\t\t\t<h2 class=\"ha-card-title\">PRO-MUJER<\/h2>\n\t\t\t\t\t\t\t<div class=\"ha-card-text\">\n\t\t\t\t\t<p><img src='https:\/\/www.ascaureliodeleon.es\/wp-content\/uploads\/2025\/01\/castillalamancha_asc.png'>\n\n<b>Con la colaboraci\u00f3n de la Consejer\u00eda de Bienestar Social<\/b><br><br>\n\nFinanciado por la Consejer\u00eda de Bienestar Social a trav\u00e9s de la Convocatoria de Subvenciones para el desarrollo de Proyectos de Inclusi\u00f3n Social del       Sistema P\u00fablico de Servicios Sociales para 2025-2026, el proyecto \u201dPRO-MUJER\u201d tiene como objetivo promover la integraci\u00f3n social y laboral   de mujeres en riesgo de pobreza y exclusi\u00f3n social y se desarrollar\u00e1 desde 01\/06\/2025 al 31\/12\/2025.\n\nConsiste en la formaci\u00f3n, capacitaci\u00f3n y seguimiento personalizado de mujeres entre 18  y 64 a\u00f1os, derivadas principalmente de Servicios Sociales, que seguir\u00e1n un exhaustivo itinerario de inserci\u00f3n. Se incluir\u00e1 una selecci\u00f3n de participantes de entre las que tienen m\u00e1s necesidades personales y familiares, realiz\u00e1ndose a cada una de ellas un diagn\u00f3stico social en base a sus capacidades, conocimientos, potencialidades y deseos por medio de las entrevistas que sean necesarias.\n\nA partir de lo anterior, se realizar\u00e1 un plan de trabajo, que comprender\u00e1 el \u00e1rea social y laboral, con pleno acuerdo entre usuaria y los\/as t\u00e9cnicos\/as (que trabajar\u00e1n en constante coordinaci\u00f3n), donde se detallar\u00e1n minuciosamente los objetivos a alcanzar, los resultados esperados y las actividades a realizar tanto para la formaci\u00f3n, la capacitaci\u00f3n y el aprendizaje. Todas las actividades estar\u00e1n calendarizadas y se proceder\u00e1 a la derivaci\u00f3n a entidades de la ciudad cuando se vea conveniente para la consecuci\u00f3n de objetivos. Transversalmente, se proceder\u00e1 a una intermediaci\u00f3n laboral para la captaci\u00f3n de empresas que se adapten al perfil de cada usuaria y se realizar\u00e1 un seguimiento y evaluaci\u00f3n continua de todo el proceso.\n\n<\/p>\n\t\t\t\t<\/div>\n\t\t\t\n\t\t\t\t\t<\/div>\n\t\t\t\t\t\t<\/div>\n\t\t\t\t<\/div>\n\t\t\t\t\t<\/div>\n\t\t<\/div>\n\t\t\t\t\t<\/div>\n\t\t<\/section>\n\t\t\t\t<section class=\"elementor-section elementor-top-section elementor-element elementor-element-6de9093 elementor-section-boxed elementor-section-height-default elementor-section-height-default\" data-id=\"6de9093\" data-element_type=\"section\" data-e-type=\"section\" data-settings=\"{&quot;_ha_eqh_enable&quot;:false}\">\n\t\t\t\t\t\t<div class=\"elementor-container elementor-column-gap-default\">\n\t\t\t\t\t<div class=\"elementor-column elementor-col-100 elementor-top-column elementor-element elementor-element-0682bab\" data-id=\"0682bab\" data-element_type=\"column\" data-e-type=\"column\">\n\t\t\t<div class=\"elementor-widget-wrap elementor-element-populated\">\n\t\t\t\t\t\t<div class=\"elementor-element elementor-element-194eaee ha-card--left ha-card--tablet-top ha-card--mobile-top elementor-widget elementor-widget-ha-card happy-addon ha-card\" data-id=\"194eaee\" data-element_type=\"widget\" data-e-type=\"widget\" data-widget_type=\"ha-card.default\">\n\t\t\t\t<div class=\"elementor-widget-container\">\n\t\t\t\t\t\n\t\t\t\t\t<figure class=\"ha-card-figure\">\n\t\t\t\t<img decoding=\"async\" width=\"576\" height=\"317\" src=\"https:\/\/www.ascaureliodeleon.es\/wp-content\/uploads\/2024\/09\/fund_caixa_2.png\" class=\"attachment-full size-full wp-image-2222\" alt=\"\" srcset=\"https:\/\/www.ascaureliodeleon.es\/wp-content\/uploads\/2024\/09\/fund_caixa_2.png 576w, https:\/\/www.ascaureliodeleon.es\/wp-content\/uploads\/2024\/09\/fund_caixa_2-300x165.png 300w\" sizes=\"(max-width: 576px) 100vw, 576px\" \/>\t\t\t\t\t\t\t<\/figure>\n\t\t\n\t\t<div class=\"ha-card-body\">\n\n\t\t\t<h2 class=\"ha-card-title\">ACTIVIDADES SOCIO-CULTURAL PARA MENORES Y ADULTOS<\/h2>\n\t\t\t\t\t\t\t<div class=\"ha-card-text\">\n\t\t\t\t\t<p>Financiado por la Fundaci\u00f3n \u201cLa Caixa\u201d con la aportaci\u00f3n econ\u00f3mica de 3.000\u20ac, este proyecto se ejecutar\u00e1 entre los meses de septiembre de 2024 a mayo de 2025.\nEl objetivo principal es proporcionar espacios de aprendizaje, convivencia y bienestar, que promuevan el desarrollo integral de las personas. Para ello se organizar\u00e1n talleres y actividades para menores y adultos.<\/p>\n\t\t\t\t<\/div>\n\t\t\t\n\t\t\t\t\t<\/div>\n\t\t\t\t\t\t<\/div>\n\t\t\t\t<\/div>\n\t\t\t\t\t<\/div>\n\t\t<\/div>\n\t\t\t\t\t<\/div>\n\t\t<\/section>\n\t\t\t\t<section class=\"elementor-section elementor-top-section elementor-element elementor-element-3d0c5039 elementor-section-boxed elementor-section-height-default elementor-section-height-default\" data-id=\"3d0c5039\" data-element_type=\"section\" data-e-type=\"section\" data-settings=\"{&quot;_ha_eqh_enable&quot;:false}\">\n\t\t\t\t\t\t<div class=\"elementor-container elementor-column-gap-default\">\n\t\t\t\t\t<div class=\"elementor-column elementor-col-100 elementor-top-column elementor-element elementor-element-363a71f0\" data-id=\"363a71f0\" data-element_type=\"column\" data-e-type=\"column\">\n\t\t\t<div class=\"elementor-widget-wrap elementor-element-populated\">\n\t\t\t\t\t\t\t<\/div>\n\t\t<\/div>\n\t\t\t\t\t<\/div>\n\t\t<\/section>\n\t\t\t\t<\/div>\n\t\t","protected":false},"excerpt":{"rendered":"<p>Proyectos PRIMERA ACOGIDA, INFORMACI\u00d3N, ASESORAMIENTO Y MEDIACI\u00d3N Con la colaboraci\u00f3n del Excmo. Ayuntamiento de Talavera de la Reina Financiado por el Excmo. Ayuntamiento de Talavera de la Reina, desde el 01\/01\/2025 hasta el 31\/12\/2025, el proyecto \u201cPRIMERA ACOGIDA, INFORMACI\u00d3N, ASESORAMIENTO Y MEDIACI\u00d3N\u00bb tiene como objetivo proporcionar una primera acogida, informaci\u00f3n y asesoramiento sobre los recursos [&hellip;]<\/p>\n","protected":false},"author":1,"featured_media":0,"parent":15,"menu_order":0,"comment_status":"closed","ping_status":"closed","template":"elementor_header_footer","meta":{"footnotes":""},"class_list":["post-1789","page","type-page","status-publish","hentry"],"_links":{"self":[{"href":"https:\/\/www.ascaureliodeleon.es\/index.php\/wp-json\/wp\/v2\/pages\/1789","targetHints":{"allow":["GET"]}}],"collection":[{"href":"https:\/\/www.ascaureliodeleon.es\/index.php\/wp-json\/wp\/v2\/pages"}],"about":[{"href":"https:\/\/www.ascaureliodeleon.es\/index.php\/wp-json\/wp\/v2\/types\/page"}],"author":[{"embeddable":true,"href":"https:\/\/www.ascaureliodeleon.es\/index.php\/wp-json\/wp\/v2\/users\/1"}],"replies":[{"embeddable":true,"href":"https:\/\/www.ascaureliodeleon.es\/index.php\/wp-json\/wp\/v2\/comments?post=1789"}],"version-history":[{"count":70,"href":"https:\/\/www.ascaureliodeleon.es\/index.php\/wp-json\/wp\/v2\/pages\/1789\/revisions"}],"predecessor-version":[{"id":2300,"href":"https:\/\/www.ascaureliodeleon.es\/index.php\/wp-json\/wp\/v2\/pages\/1789\/revisions\/2300"}],"up":[{"embeddable":true,"href":"https:\/\/www.ascaureliodeleon.es\/index.php\/wp-json\/wp\/v2\/pages\/15"}],"wp:attachment":[{"href":"https:\/\/www.ascaureliodeleon.es\/index.php\/wp-json\/wp\/v2\/media?parent=1789"}],"curies":[{"name":"wp","href":"https:\/\/api.w.org\/{rel}","templated":true}]}}