{"id":2173,"date":"2024-04-12T14:17:10","date_gmt":"2024-04-12T14:17:10","guid":{"rendered":"https:\/\/www.ascaureliodeleon.es\/?page_id=2173"},"modified":"2025-03-26T15:59:26","modified_gmt":"2025-03-26T15:59:26","slug":"memoria-2024","status":"publish","type":"page","link":"https:\/\/www.ascaureliodeleon.es\/index.php\/actividades\/memoria-2024\/","title":{"rendered":"Memoria 2024"},"content":{"rendered":"\t\t<div data-elementor-type=\"wp-page\" data-elementor-id=\"2173\" class=\"elementor elementor-2173\" data-elementor-settings=\"{&quot;ha_cmc_init_switcher&quot;:&quot;no&quot;}\" data-elementor-post-type=\"page\">\n\t\t\t\t\t\t<section class=\"elementor-section elementor-top-section elementor-element elementor-element-5572ca6 elementor-section-height-min-height elementor-section-items-stretch elementor-section-boxed elementor-section-height-default\" data-id=\"5572ca6\" data-element_type=\"section\" data-e-type=\"section\" data-settings=\"{&quot;background_background&quot;:&quot;classic&quot;}\">\n\t\t\t\t\t\t<div class=\"elementor-container elementor-column-gap-default\">\n\t\t\t\t\t<div class=\"elementor-column elementor-col-50 elementor-top-column elementor-element elementor-element-7ce1b393\" data-id=\"7ce1b393\" data-element_type=\"column\" data-e-type=\"column\">\n\t\t\t<div class=\"elementor-widget-wrap elementor-element-populated\">\n\t\t\t\t\t\t<div class=\"elementor-element elementor-element-6844f466 elementor-widget elementor-widget-heading\" data-id=\"6844f466\" data-element_type=\"widget\" data-e-type=\"widget\" data-widget_type=\"heading.default\">\n\t\t\t\t<div class=\"elementor-widget-container\">\n\t\t\t\t\t<h3 class=\"elementor-heading-title elementor-size-default\">Memoria 2024<\/h3>\t\t\t\t<\/div>\n\t\t\t\t<\/div>\n\t\t\t\t<div class=\"elementor-element elementor-element-24e964f elementor-widget elementor-widget-image\" data-id=\"24e964f\" data-element_type=\"widget\" data-e-type=\"widget\" data-widget_type=\"image.default\">\n\t\t\t\t<div class=\"elementor-widget-container\">\n\t\t\t\t\t\t\t\t\t\t\t\t\t\t\t<img fetchpriority=\"high\" decoding=\"async\" width=\"642\" height=\"478\" src=\"https:\/\/www.ascaureliodeleon.es\/wp-content\/uploads\/2025\/03\/memoria24.png\" class=\"attachment-large size-large wp-image-2264\" alt=\"\" srcset=\"https:\/\/www.ascaureliodeleon.es\/wp-content\/uploads\/2025\/03\/memoria24.png 642w, https:\/\/www.ascaureliodeleon.es\/wp-content\/uploads\/2025\/03\/memoria24-300x223.png 300w\" sizes=\"(max-width: 642px) 100vw, 642px\" \/>\t\t\t\t\t\t\t\t\t\t\t\t\t\t\t<\/div>\n\t\t\t\t<\/div>\n\t\t\t\t\t<\/div>\n\t\t<\/div>\n\t\t\t\t<div class=\"elementor-column elementor-col-50 elementor-top-column elementor-element elementor-element-398de3e9\" data-id=\"398de3e9\" data-element_type=\"column\" data-e-type=\"column\">\n\t\t\t<div class=\"elementor-widget-wrap elementor-element-populated\">\n\t\t\t\t\t\t<div class=\"elementor-element elementor-element-a29d218 elementor-widget-divider--view-line elementor-widget elementor-widget-divider\" data-id=\"a29d218\" data-element_type=\"widget\" data-e-type=\"widget\" data-widget_type=\"divider.default\">\n\t\t\t\t<div class=\"elementor-widget-container\">\n\t\t\t\t\t\t\t<div class=\"elementor-divider\">\n\t\t\t<span class=\"elementor-divider-separator\">\n\t\t\t\t\t\t<\/span>\n\t\t<\/div>\n\t\t\t\t\t\t<\/div>\n\t\t\t\t<\/div>\n\t\t\t\t<div class=\"elementor-element elementor-element-6a8830cb elementor-widget elementor-widget-text-editor\" data-id=\"6a8830cb\" data-element_type=\"widget\" data-e-type=\"widget\" data-widget_type=\"text-editor.default\">\n\t\t\t\t<div class=\"elementor-widget-container\">\n\t\t\t\t\t\t\t\t\t<p class=\"\" data-start=\"129\" data-end=\"924\">Estimadas amigas y amigos: Me alegra saludaros desde esta p\u00e1gina de la Memoria de la Asociaci\u00f3n. El pasado a\u00f1o 2024 hemos seguido el incansable trabajo de promoci\u00f3n de las personas que necesitan m\u00e1s ayuda en nuestra ciudad, en medio de una sociedad que con todas las comodidades y todas las dificultades de la vida cotidiana se abre paso en un mundo donde redes digitales, medios de comunicaci\u00f3n y algunos pol\u00edticos tratan de mezclar la verdad y la mentira, difundiendo bulos y rumores como verdades incontestables. En medio de esa confusi\u00f3n nuestra Asociaci\u00f3n tiene claro quienes son las personas con m\u00e1s dificultades para seguir adelante, que en muchos casos son gentes que han llegado de muy lejos buscando en Espa\u00f1a, y concretamente en Talavera de la Reina unas mejores perspectivas de vida.<\/p><p class=\"\" data-start=\"926\" data-end=\"1340\">Es a esas personas junto a quienes llevan toda su vida en Talavera las que intentamos ayudar con clases de castellano, de inform\u00e1tica, de apoyo escolar, con ayudas puntuales de ropa y de alimentos. Tambi\u00e9n con programas de formaci\u00f3n y b\u00fasqueda de empleo, as\u00ed como con clases de ajedrez, costura, guitarra y pintura, porque tambi\u00e9n el ocio, el deporte y la cultura son una necesidad y un derecho para todo el mundo.<\/p><p class=\"\" data-start=\"1342\" data-end=\"2529\">En esta memoria de 2024 os describimos detalladamente todas esas actividades que ha desarrollado la Asociaci\u00f3n durante el a\u00f1o y gracias al trabajo de las tres empleadas que aqu\u00ed trabajan y a la imprescindible colaboraci\u00f3n de todas las personas voluntarias que prestan su servicio de forma altruista y desinteresada en las actividades de la Asociaci\u00f3n. Tambi\u00e9n tengo que agradecer el apoyo econ\u00f3mico que hace posible el desenvolvimiento de la amplia gama de acciones que llevamos a cabo, tanto la contribuci\u00f3n de socias y socios con sus cuotas peri\u00f3dicas, como a las instituciones regionales, provinciales y locales, como a las entidades privadas que nos subvencionan. Debo destacar tambi\u00e9n las numerosas entidades educativas, culturales o asociativas que realizan eventos a beneficio de la Asociaci\u00f3n o que recogen material escolar, de higiene o alimenticio, que luego distribuiremos seg\u00fan sus necesidades a nuestras personas usuarias. A todas esas entidades debo darles las gracias m\u00e1s sinceras, porque coordinadas por la Junta Directiva que presido (y que se afana de forma altruista) son quienes hacen posible toda la tarea que desarrolla la Asociaci\u00f3n Socio-Cultural Aurelio de Le\u00f3n.<\/p><p class=\"\" data-start=\"2531\" data-end=\"2746\">Y os puedo asegurar que seguiremos trabajando en el futuro con ilusi\u00f3n y entrega, buscando mejorar en todo lo que podamos las oportunidades de las familias que m\u00e1s necesitan de nuestra ayuda en esta ciudad Talavera.<\/p><p class=\"\" data-start=\"2748\" data-end=\"2783\">Gracias de nuevo por vuestro apoyo.<\/p>\t\t\t\t\t\t\t\t<\/div>\n\t\t\t\t<\/div>\n\t\t\t\t<div class=\"elementor-element elementor-element-0c8c978 elementor-widget elementor-widget-ha-link-hover happy-addon ha-link-hover\" data-id=\"0c8c978\" data-element_type=\"widget\" data-e-type=\"widget\" data-widget_type=\"ha-link-hover.default\">\n\t\t\t\t<div class=\"elementor-widget-container\">\n\t\t\t\t\t        <link-hover class=\"ha_content__item\">\n            <a href=\"https:\/\/www.ascaureliodeleon.es\/wp-content\/uploads\/2025\/03\/Memoria2024.pdf\" class=\"ha-link ha-link--carpo\"  target=\"_blank\"  rel=\"nofollow\">Pincha para Descargar la memoria completa<\/a>\n        <\/link-hover>\t\t\t\t<\/div>\n\t\t\t\t<\/div>\n\t\t\t\t\t<\/div>\n\t\t<\/div>\n\t\t\t\t\t<\/div>\n\t\t<\/section>\n\t\t\t\t<section class=\"elementor-section elementor-top-section elementor-element elementor-element-798c94d5 elementor-section-boxed elementor-section-height-default elementor-section-height-default\" data-id=\"798c94d5\" data-element_type=\"section\" data-e-type=\"section\" data-settings=\"{&quot;_ha_eqh_enable&quot;:false}\">\n\t\t\t\t\t\t<div class=\"elementor-container elementor-column-gap-default\">\n\t\t\t\t\t<div class=\"elementor-column elementor-col-100 elementor-top-column elementor-element elementor-element-4db6a5a5\" data-id=\"4db6a5a5\" data-element_type=\"column\" data-e-type=\"column\">\n\t\t\t<div class=\"elementor-widget-wrap elementor-element-populated\">\n\t\t\t\t\t\t<section class=\"elementor-section elementor-inner-section elementor-element elementor-element-d9f1b46 elementor-section-boxed elementor-section-height-default elementor-section-height-default\" data-id=\"d9f1b46\" data-element_type=\"section\" data-e-type=\"section\" data-settings=\"{&quot;_ha_eqh_enable&quot;:false}\">\n\t\t\t\t\t\t<div class=\"elementor-container elementor-column-gap-default\">\n\t\t\t\t\t<div class=\"elementor-column elementor-col-100 elementor-inner-column elementor-element elementor-element-3db3c47\" data-id=\"3db3c47\" data-element_type=\"column\" data-e-type=\"column\">\n\t\t\t<div class=\"elementor-widget-wrap elementor-element-populated\">\n\t\t\t\t\t\t<div class=\"elementor-element elementor-element-41c15f84 elementor-widget elementor-widget-heading\" data-id=\"41c15f84\" data-element_type=\"widget\" data-e-type=\"widget\" data-widget_type=\"heading.default\">\n\t\t\t\t<div class=\"elementor-widget-container\">\n\t\t\t\t\t<h3 class=\"elementor-heading-title elementor-size-default\">LL\u00e1manos o contacta con nosotros<\/h3>\t\t\t\t<\/div>\n\t\t\t\t<\/div>\n\t\t\t\t<div class=\"elementor-element elementor-element-73e8ee24 elementor-widget elementor-widget-heading\" data-id=\"73e8ee24\" data-element_type=\"widget\" data-e-type=\"widget\" data-widget_type=\"heading.default\">\n\t\t\t\t<div class=\"elementor-widget-container\">\n\t\t\t\t\t<h2 class=\"elementor-heading-title elementor-size-default\">Te ayudaremos en todo lo que necesites<\/h2>\t\t\t\t<\/div>\n\t\t\t\t<\/div>\n\t\t\t\t\t<\/div>\n\t\t<\/div>\n\t\t\t\t\t<\/div>\n\t\t<\/section>\n\t\t\t\t<section class=\"elementor-section elementor-inner-section elementor-element elementor-element-3521e4ab elementor-section-boxed elementor-section-height-default elementor-section-height-default\" data-id=\"3521e4ab\" data-element_type=\"section\" data-e-type=\"section\" data-settings=\"{&quot;_ha_eqh_enable&quot;:false}\">\n\t\t\t\t\t\t<div class=\"elementor-container elementor-column-gap-default\">\n\t\t\t\t\t<div class=\"elementor-column elementor-col-25 elementor-inner-column elementor-element elementor-element-77c77d3c\" data-id=\"77c77d3c\" data-element_type=\"column\" data-e-type=\"column\">\n\t\t\t<div class=\"elementor-widget-wrap elementor-element-populated\">\n\t\t\t\t\t\t<div class=\"elementor-element elementor-element-2bb72b67 elementor-widget elementor-widget-heading\" data-id=\"2bb72b67\" data-element_type=\"widget\" data-e-type=\"widget\" data-widget_type=\"heading.default\">\n\t\t\t\t<div class=\"elementor-widget-container\">\n\t\t\t\t\t<h3 class=\"elementor-heading-title elementor-size-default\">Tel\u00e9fono<\/h3>\t\t\t\t<\/div>\n\t\t\t\t<\/div>\n\t\t\t\t<div class=\"elementor-element elementor-element-1e2ca72a elementor-widget elementor-widget-text-editor\" data-id=\"1e2ca72a\" data-element_type=\"widget\" data-e-type=\"widget\" data-widget_type=\"text-editor.default\">\n\t\t\t\t<div class=\"elementor-widget-container\">\n\t\t\t\t\t\t\t\t\t<p>925817648<\/p>\t\t\t\t\t\t\t\t<\/div>\n\t\t\t\t<\/div>\n\t\t\t\t\t<\/div>\n\t\t<\/div>\n\t\t\t\t<div class=\"elementor-column elementor-col-25 elementor-inner-column elementor-element elementor-element-304165e0\" data-id=\"304165e0\" data-element_type=\"column\" data-e-type=\"column\">\n\t\t\t<div class=\"elementor-widget-wrap elementor-element-populated\">\n\t\t\t\t\t\t<div class=\"elementor-element elementor-element-2d68e48 elementor-widget elementor-widget-heading\" data-id=\"2d68e48\" data-element_type=\"widget\" data-e-type=\"widget\" data-widget_type=\"heading.default\">\n\t\t\t\t<div class=\"elementor-widget-container\">\n\t\t\t\t\t<h3 class=\"elementor-heading-title elementor-size-default\">Email<\/h3>\t\t\t\t<\/div>\n\t\t\t\t<\/div>\n\t\t\t\t<div class=\"elementor-element elementor-element-29df213c elementor-widget elementor-widget-text-editor\" data-id=\"29df213c\" data-element_type=\"widget\" data-e-type=\"widget\" data-widget_type=\"text-editor.default\">\n\t\t\t\t<div class=\"elementor-widget-container\">\n\t\t\t\t\t\t\t\t\t<p class=\"p1\"><span class=\"s1\">info@ascaureliodeleon.es<\/span><\/p><p>asc_juventud@yahoo.com<\/p>\t\t\t\t\t\t\t\t<\/div>\n\t\t\t\t<\/div>\n\t\t\t\t\t<\/div>\n\t\t<\/div>\n\t\t\t\t<div class=\"elementor-column elementor-col-25 elementor-inner-column elementor-element elementor-element-72b63f0b\" data-id=\"72b63f0b\" data-element_type=\"column\" data-e-type=\"column\">\n\t\t\t<div class=\"elementor-widget-wrap elementor-element-populated\">\n\t\t\t\t\t\t<div class=\"elementor-element elementor-element-47d65ec7 elementor-widget elementor-widget-heading\" data-id=\"47d65ec7\" data-element_type=\"widget\" data-e-type=\"widget\" data-widget_type=\"heading.default\">\n\t\t\t\t<div class=\"elementor-widget-container\">\n\t\t\t\t\t<h3 class=\"elementor-heading-title elementor-size-default\">Horarios<\/h3>\t\t\t\t<\/div>\n\t\t\t\t<\/div>\n\t\t\t\t<div class=\"elementor-element elementor-element-527c7fe5 elementor-widget elementor-widget-text-editor\" data-id=\"527c7fe5\" data-element_type=\"widget\" data-e-type=\"widget\" data-widget_type=\"text-editor.default\">\n\t\t\t\t<div class=\"elementor-widget-container\">\n\t\t\t\t\t\t\t\t\t<p class=\"p1\"><strong><span class=\"s1\">Lunes &#8211; Viernes<\/span><\/strong><\/p><p class=\"p1\"><span class=\"s1\"><strong>Ma\u00f1anas:<\/strong> 9 &#8211; 14<br \/><\/span><\/p><p><strong>Tardes:<\/strong> 17 &#8211; 20<\/p>\t\t\t\t\t\t\t\t<\/div>\n\t\t\t\t<\/div>\n\t\t\t\t\t<\/div>\n\t\t<\/div>\n\t\t\t\t<div class=\"elementor-column elementor-col-25 elementor-inner-column elementor-element elementor-element-247e0ab8\" data-id=\"247e0ab8\" data-element_type=\"column\" data-e-type=\"column\">\n\t\t\t<div class=\"elementor-widget-wrap elementor-element-populated\">\n\t\t\t\t\t\t<div class=\"elementor-element elementor-element-73b9e616 elementor-widget elementor-widget-heading\" data-id=\"73b9e616\" data-element_type=\"widget\" data-e-type=\"widget\" data-widget_type=\"heading.default\">\n\t\t\t\t<div class=\"elementor-widget-container\">\n\t\t\t\t\t<h3 class=\"elementor-heading-title elementor-size-default\">Direcci\u00f3n<\/h3>\t\t\t\t<\/div>\n\t\t\t\t<\/div>\n\t\t\t\t<div class=\"elementor-element elementor-element-5e9ba713 elementor-widget elementor-widget-text-editor\" data-id=\"5e9ba713\" data-element_type=\"widget\" data-e-type=\"widget\" data-widget_type=\"text-editor.default\">\n\t\t\t\t<div class=\"elementor-widget-container\">\n\t\t\t\t\t\t\t\t\t<p class=\"p1\">Calle La Zona, 22, 45600 Talavera de la Reina, Toledo, Espa\u00f1a<\/p>\t\t\t\t\t\t\t\t<\/div>\n\t\t\t\t<\/div>\n\t\t\t\t\t<\/div>\n\t\t<\/div>\n\t\t\t\t\t<\/div>\n\t\t<\/section>\n\t\t\t\t\t<\/div>\n\t\t<\/div>\n\t\t\t\t\t<\/div>\n\t\t<\/section>\n\t\t\t\t<\/div>\n\t\t","protected":false},"excerpt":{"rendered":"<p>Memoria 2024 Estimadas amigas y amigos: Me alegra saludaros desde esta p\u00e1gina de la Memoria de la Asociaci\u00f3n. El pasado a\u00f1o 2024 hemos seguido el incansable trabajo de promoci\u00f3n de las personas que necesitan m\u00e1s ayuda en nuestra ciudad, en medio de una sociedad que con todas las comodidades y todas las dificultades de la [&hellip;]<\/p>\n","protected":false},"author":1,"featured_media":0,"parent":15,"menu_order":0,"comment_status":"closed","ping_status":"closed","template":"elementor_header_footer","meta":{"footnotes":""},"class_list":["post-2173","page","type-page","status-publish","hentry"],"_links":{"self":[{"href":"https:\/\/www.ascaureliodeleon.es\/index.php\/wp-json\/wp\/v2\/pages\/2173","targetHints":{"allow":["GET"]}}],"collection":[{"href":"https:\/\/www.ascaureliodeleon.es\/index.php\/wp-json\/wp\/v2\/pages"}],"about":[{"href":"https:\/\/www.ascaureliodeleon.es\/index.php\/wp-json\/wp\/v2\/types\/page"}],"author":[{"embeddable":true,"href":"https:\/\/www.ascaureliodeleon.es\/index.php\/wp-json\/wp\/v2\/users\/1"}],"replies":[{"embeddable":true,"href":"https:\/\/www.ascaureliodeleon.es\/index.php\/wp-json\/wp\/v2\/comments?post=2173"}],"version-history":[{"count":29,"href":"https:\/\/www.ascaureliodeleon.es\/index.php\/wp-json\/wp\/v2\/pages\/2173\/revisions"}],"predecessor-version":[{"id":2271,"href":"https:\/\/www.ascaureliodeleon.es\/index.php\/wp-json\/wp\/v2\/pages\/2173\/revisions\/2271"}],"up":[{"embeddable":true,"href":"https:\/\/www.ascaureliodeleon.es\/index.php\/wp-json\/wp\/v2\/pages\/15"}],"wp:attachment":[{"href":"https:\/\/www.ascaureliodeleon.es\/index.php\/wp-json\/wp\/v2\/media?parent=2173"}],"curies":[{"name":"wp","href":"https:\/\/api.w.org\/{rel}","templated":true}]}}